{"id":27160,"date":"2024-02-08T11:20:48","date_gmt":"2024-02-08T10:20:48","guid":{"rendered":"https:\/\/doll.shop\/produkt\/dutchdoll-sofia-77-cm\/"},"modified":"2026-04-20T21:17:46","modified_gmt":"2026-04-20T19:17:46","slug":"dutchdoll-sofia-77-cm","status":"publish","type":"product","link":"https:\/\/doll.shop\/de\/produkt\/dutchdoll-sofia-77-cm\/","title":{"rendered":"DutchDoll Sofia | 77 cm"},"content":{"rendered":"","protected":false},"excerpt":{"rendered":"<p style=\"font-weight: 400;\">DutchDoll Sofia ist ein 77 cm kompakter Sexpuppen-Torso mit sch\u00f6nen dunklen Haaren und aufreizenden hellblauen Augen. Bestellen Sie Ihren Premium Sexpuppen-Torso bei Doll.shop \ud83d\udc95 Sofia ist eine Sexpuppe von h\u00f6chster Qualit\u00e4t, wie alle DutchDoll-Modelle. Dadurch erleben Sie das Gef\u00fchl und Vergn\u00fcgen einer lebensechten Frau.<\/p>\n","protected":false},"featured_media":26606,"comment_status":"open","ping_status":"closed","template":"","meta":[],"product_brand":[],"product_cat":[596],"product_tag":[],"class_list":{"0":"post-27160","1":"product","2":"type-product","3":"status-publish","4":"has-post-thumbnail","6":"product_cat-masturbatoren","7":"pa_brand-dutchdoll","9":"first","10":"instock","11":"taxable","12":"shipping-taxable","13":"purchasable","14":"product-type-simple"},"_links":{"self":[{"href":"https:\/\/doll.shop\/de\/wp-json\/wp\/v2\/product\/27160","targetHints":{"allow":["GET"]}}],"collection":[{"href":"https:\/\/doll.shop\/de\/wp-json\/wp\/v2\/product"}],"about":[{"href":"https:\/\/doll.shop\/de\/wp-json\/wp\/v2\/types\/product"}],"replies":[{"embeddable":true,"href":"https:\/\/doll.shop\/de\/wp-json\/wp\/v2\/comments?post=27160"}],"wp:featuredmedia":[{"embeddable":true,"href":"https:\/\/doll.shop\/de\/wp-json\/wp\/v2\/media\/26606"}],"wp:attachment":[{"href":"https:\/\/doll.shop\/de\/wp-json\/wp\/v2\/media?parent=27160"}],"wp:term":[{"taxonomy":"product_brand","embeddable":true,"href":"https:\/\/doll.shop\/de\/wp-json\/wp\/v2\/product_brand?post=27160"},{"taxonomy":"product_cat","embeddable":true,"href":"https:\/\/doll.shop\/de\/wp-json\/wp\/v2\/product_cat?post=27160"},{"taxonomy":"product_tag","embeddable":true,"href":"https:\/\/doll.shop\/de\/wp-json\/wp\/v2\/product_tag?post=27160"}],"curies":[{"name":"wp","href":"https:\/\/api.w.org\/{rel}","templated":true}]}}