{"id":27159,"date":"2024-02-08T11:20:29","date_gmt":"2024-02-08T10:20:29","guid":{"rendered":"https:\/\/doll.shop\/produkt\/dutchdoll-luna-77-cm\/"},"modified":"2026-04-10T15:47:33","modified_gmt":"2026-04-10T13:47:33","slug":"dutchdoll-luna-77-cm","status":"publish","type":"product","link":"https:\/\/doll.shop\/de\/produkt\/dutchdoll-luna-77-cm\/","title":{"rendered":"DutchDoll Luna | 77 cm"},"content":{"rendered":"","protected":false},"excerpt":{"rendered":"<p style=\"font-weight: 400;\">DutchDoll Luna ist ein 77 cm gro\u00dfer, kompakter Sexpuppen-Torso mit langen, dunklen, lockigen Haaren, einem sch\u00f6nen Gesicht und strahlend blauen Augen. Ein Sexpuppen-Torso hat keine Arme und Beine und ist daher leichter als eine vollst\u00e4ndige Sexpuppe und einfacher zu handhaben. Wie alle DutchDoll-Modelle ist auch Luna von h\u00f6chster Qualit\u00e4t und l\u00e4sst Sie das Gef\u00fchl und Vergn\u00fcgen einer lebensechten Frau erleben.<\/p>\n","protected":false},"featured_media":26585,"comment_status":"open","ping_status":"closed","template":"","meta":[],"product_brand":[],"product_cat":[596],"product_tag":[],"class_list":{"0":"post-27159","1":"product","2":"type-product","3":"status-publish","4":"has-post-thumbnail","6":"product_cat-masturbatoren","7":"pa_brand-dutchdoll","9":"first","10":"instock","11":"taxable","12":"shipping-taxable","13":"purchasable","14":"product-type-simple"},"_links":{"self":[{"href":"https:\/\/doll.shop\/de\/wp-json\/wp\/v2\/product\/27159","targetHints":{"allow":["GET"]}}],"collection":[{"href":"https:\/\/doll.shop\/de\/wp-json\/wp\/v2\/product"}],"about":[{"href":"https:\/\/doll.shop\/de\/wp-json\/wp\/v2\/types\/product"}],"replies":[{"embeddable":true,"href":"https:\/\/doll.shop\/de\/wp-json\/wp\/v2\/comments?post=27159"}],"wp:featuredmedia":[{"embeddable":true,"href":"https:\/\/doll.shop\/de\/wp-json\/wp\/v2\/media\/26585"}],"wp:attachment":[{"href":"https:\/\/doll.shop\/de\/wp-json\/wp\/v2\/media?parent=27159"}],"wp:term":[{"taxonomy":"product_brand","embeddable":true,"href":"https:\/\/doll.shop\/de\/wp-json\/wp\/v2\/product_brand?post=27159"},{"taxonomy":"product_cat","embeddable":true,"href":"https:\/\/doll.shop\/de\/wp-json\/wp\/v2\/product_cat?post=27159"},{"taxonomy":"product_tag","embeddable":true,"href":"https:\/\/doll.shop\/de\/wp-json\/wp\/v2\/product_tag?post=27159"}],"curies":[{"name":"wp","href":"https:\/\/api.w.org\/{rel}","templated":true}]}}