{"id":1981,"date":"2022-06-09T10:41:58","date_gmt":"2022-06-09T08:41:58","guid":{"rendered":"https:\/\/doll.shop\/?post_type=product&#038;p=1981"},"modified":"2026-03-10T19:51:23","modified_gmt":"2026-03-10T18:51:23","slug":"wmdoll-alexis","status":"publish","type":"product","link":"https:\/\/doll.shop\/de\/produkt\/wmdoll-alexis\/","title":{"rendered":"Liebespuppe Alexis | 157 cm"},"content":{"rendered":"","protected":false},"excerpt":{"rendered":"<p>WM Doll Alexis ist eine echte Sportbombe mit \u00fcberlos viel Energie. Sie kann Ihr Leben so viel aufregender machen und Sie dank Ihrer Fitness wirklich stundenlang ganz nach Ihren W\u00fcnschen bedienen. Alexis ist relativ klein und daher leicht zu handhaben. Untersch\u00e4tzen Sie diese Liebespuppe allerdings nicht. Sie hat es echt in sich! Finden Sie br\u00fcnette Frauen mit lockigen Haaren und einem Traumk\u00f6rper toll? Dann verpassen Sie Ihre Gelegenheit nicht und schauen Sie sich Alexis unbedingt einmal genauer an.<\/p>\n","protected":false},"featured_media":2033,"comment_status":"open","ping_status":"closed","template":"","meta":[],"product_brand":[1405],"product_cat":[16,74],"product_tag":[],"class_list":{"0":"post-1981","1":"product","2":"type-product","3":"status-publish","4":"has-post-thumbnail","6":"product_brand-wm-doll","7":"product_cat-sexpuppen","8":"product_cat-wm-doll","9":"pa_brand-wm-doll","11":"first","12":"onbackorder","13":"taxable","14":"shipping-taxable","15":"purchasable","16":"product-type-simple"},"_links":{"self":[{"href":"https:\/\/doll.shop\/de\/wp-json\/wp\/v2\/product\/1981","targetHints":{"allow":["GET"]}}],"collection":[{"href":"https:\/\/doll.shop\/de\/wp-json\/wp\/v2\/product"}],"about":[{"href":"https:\/\/doll.shop\/de\/wp-json\/wp\/v2\/types\/product"}],"replies":[{"embeddable":true,"href":"https:\/\/doll.shop\/de\/wp-json\/wp\/v2\/comments?post=1981"}],"wp:featuredmedia":[{"embeddable":true,"href":"https:\/\/doll.shop\/de\/wp-json\/wp\/v2\/media\/2033"}],"wp:attachment":[{"href":"https:\/\/doll.shop\/de\/wp-json\/wp\/v2\/media?parent=1981"}],"wp:term":[{"taxonomy":"product_brand","embeddable":true,"href":"https:\/\/doll.shop\/de\/wp-json\/wp\/v2\/product_brand?post=1981"},{"taxonomy":"product_cat","embeddable":true,"href":"https:\/\/doll.shop\/de\/wp-json\/wp\/v2\/product_cat?post=1981"},{"taxonomy":"product_tag","embeddable":true,"href":"https:\/\/doll.shop\/de\/wp-json\/wp\/v2\/product_tag?post=1981"}],"curies":[{"name":"wp","href":"https:\/\/api.w.org\/{rel}","templated":true}]}}