{"id":155,"date":"2022-03-24T10:47:53","date_gmt":"2022-03-24T09:47:53","guid":{"rendered":"https:\/\/doll.shop\/?post_type=product&#038;p=155"},"modified":"2026-04-28T20:22:46","modified_gmt":"2026-04-28T18:22:46","slug":"eldoll-riley-158-cm","status":"publish","type":"product","link":"https:\/\/doll.shop\/de\/produkt\/eldoll-riley-158-cm\/","title":{"rendered":"EL doll Riley | 158 cm"},"content":{"rendered":"","protected":false},"excerpt":{"rendered":"<p>EL doll Riley ist eine sehr attraktive Br\u00fcnette. Sie hat wundersch\u00f6ne haselnussbraune Augen und f\u00e4llt durch ihr sch\u00f6nes Erscheinungsbild auf. Sobald man ihr in die Augen schaut, kann man den Blick nicht mehr von ihr abwenden. Riley wiegt 32 Kilogramm. Au\u00dferdem ist sie 158 cm gro\u00df und hat prachtvolles dunkelbraunes Haar. Wenn du auf mediterrane Br\u00fcnetten stehst, solltest du dir Riley unbedingt aus der N\u00e4he ansehen.<\/p>\n","protected":false},"featured_media":952147,"comment_status":"open","ping_status":"closed","template":"","meta":[],"product_brand":[],"product_cat":[16,255],"product_tag":[],"class_list":{"0":"post-155","1":"product","2":"type-product","3":"status-publish","4":"has-post-thumbnail","6":"product_cat-sexpuppen","7":"product_cat-rf-doll","8":"pa_brand-el-doll","10":"first","11":"instock","12":"sale","13":"featured","14":"taxable","15":"shipping-taxable","16":"purchasable","17":"product-type-simple"},"_links":{"self":[{"href":"https:\/\/doll.shop\/de\/wp-json\/wp\/v2\/product\/155","targetHints":{"allow":["GET"]}}],"collection":[{"href":"https:\/\/doll.shop\/de\/wp-json\/wp\/v2\/product"}],"about":[{"href":"https:\/\/doll.shop\/de\/wp-json\/wp\/v2\/types\/product"}],"replies":[{"embeddable":true,"href":"https:\/\/doll.shop\/de\/wp-json\/wp\/v2\/comments?post=155"}],"wp:featuredmedia":[{"embeddable":true,"href":"https:\/\/doll.shop\/de\/wp-json\/wp\/v2\/media\/952147"}],"wp:attachment":[{"href":"https:\/\/doll.shop\/de\/wp-json\/wp\/v2\/media?parent=155"}],"wp:term":[{"taxonomy":"product_brand","embeddable":true,"href":"https:\/\/doll.shop\/de\/wp-json\/wp\/v2\/product_brand?post=155"},{"taxonomy":"product_cat","embeddable":true,"href":"https:\/\/doll.shop\/de\/wp-json\/wp\/v2\/product_cat?post=155"},{"taxonomy":"product_tag","embeddable":true,"href":"https:\/\/doll.shop\/de\/wp-json\/wp\/v2\/product_tag?post=155"}],"curies":[{"name":"wp","href":"https:\/\/api.w.org\/{rel}","templated":true}]}}