{"id":1348,"date":"2022-04-22T08:13:49","date_gmt":"2022-04-22T06:13:49","guid":{"rendered":"https:\/\/doll.shop\/?post_type=product&#038;p=1348"},"modified":"2026-01-16T17:56:52","modified_gmt":"2026-01-16T16:56:52","slug":"jill-172-cm","status":"publish","type":"product","link":"https:\/\/doll.shop\/de\/produkt\/jill-172-cm\/","title":{"rendered":"WM Doll Jill | 172 cm"},"content":{"rendered":"","protected":false},"excerpt":{"rendered":"<p>WM Doll Jill ist eine bezaubernde Asiatin, die Ihnen Ihr Leben vers\u00fc\u00dfen wird. Mit einer Gr\u00f6\u00dfe von 172cm ist Jill optimal f\u00fcr jedermann, der auf gr\u00f6\u00dfere Frauen steht. Jill hat einen perfekten, schlanken K\u00f6rperbau und relativ kleine Br\u00fcste. Z\u00f6gern Sie nicht allzu lange und lernen Sie diese Traumfrau kennen, Sie werden es garantiert nicht bereuen! Beachten Sie bitte, dass dieses Modell in einer leicht gebr\u00e4unten Hautfarbe geliefert wird. Weiter noch ist Jill auf den Bilder mit einer implantierten Per\u00fccke abgebildet. Sie wird allerdings mit einer abnehmbaren Per\u00fccke versendet.<\/p>\n","protected":false},"featured_media":1357,"comment_status":"open","ping_status":"closed","template":"","meta":[],"product_brand":[1405],"product_cat":[74,16],"product_tag":[],"class_list":{"0":"post-1348","1":"product","2":"type-product","3":"status-publish","4":"has-post-thumbnail","6":"product_brand-wm-doll","7":"product_cat-wm-doll","8":"product_cat-sexpuppen","9":"pa_brand-wm-doll","11":"first","12":"onbackorder","13":"taxable","14":"shipping-taxable","15":"purchasable","16":"product-type-simple"},"_links":{"self":[{"href":"https:\/\/doll.shop\/de\/wp-json\/wp\/v2\/product\/1348","targetHints":{"allow":["GET"]}}],"collection":[{"href":"https:\/\/doll.shop\/de\/wp-json\/wp\/v2\/product"}],"about":[{"href":"https:\/\/doll.shop\/de\/wp-json\/wp\/v2\/types\/product"}],"replies":[{"embeddable":true,"href":"https:\/\/doll.shop\/de\/wp-json\/wp\/v2\/comments?post=1348"}],"wp:featuredmedia":[{"embeddable":true,"href":"https:\/\/doll.shop\/de\/wp-json\/wp\/v2\/media\/1357"}],"wp:attachment":[{"href":"https:\/\/doll.shop\/de\/wp-json\/wp\/v2\/media?parent=1348"}],"wp:term":[{"taxonomy":"product_brand","embeddable":true,"href":"https:\/\/doll.shop\/de\/wp-json\/wp\/v2\/product_brand?post=1348"},{"taxonomy":"product_cat","embeddable":true,"href":"https:\/\/doll.shop\/de\/wp-json\/wp\/v2\/product_cat?post=1348"},{"taxonomy":"product_tag","embeddable":true,"href":"https:\/\/doll.shop\/de\/wp-json\/wp\/v2\/product_tag?post=1348"}],"curies":[{"name":"wp","href":"https:\/\/api.w.org\/{rel}","templated":true}]}}