{"id":12764,"date":"2023-08-01T10:58:09","date_gmt":"2023-08-01T08:58:09","guid":{"rendered":"https:\/\/doll.shop\/?post_type=product&#038;p=12764"},"modified":"2026-04-17T19:32:09","modified_gmt":"2026-04-17T17:32:09","slug":"dutchdoll-alexis-159-cm","status":"publish","type":"product","link":"https:\/\/doll.shop\/de\/produkt\/dutchdoll-alexis-159-cm\/","title":{"rendered":"DutchDoll Alexis | 159 cm"},"content":{"rendered":"","protected":false},"excerpt":{"rendered":"<p>Darf ich vorstellen: Alexis. Diese atemberaubende Br\u00fcnette mit strahlend blauen Augen und verf\u00fchrerischen Kurven ist Ihre perfekte Partnerin. Hergestellt aus hochwertigem TPE (V3.0) und mit Gel-Br\u00fcsten f\u00fcr zus\u00e4tzlichen Realismus, f\u00fchlt sich Alexis lebensecht an. Mit dem EVO+ Skelett, dem Fingerskelett und dem Standfu\u00df bietet sie ein optimales Erlebnis. Trotz ihrer gro\u00dfen K\u00f6rbchengr\u00f6\u00dfe wiegt diese Sexpuppe nur 29 kg und ist \u00e4u\u00dferst wendig.<\/p>\n<p>Dank des realistischen Designs, der Verwendung neuester Technologien und ihrer perfekten Verarbeitung werden Sie unvergessliche Erlebnisse mit Alexis haben.<\/p>\n<p>DutchDoll\u00ae bietet Qualit\u00e4t, Innovation und attraktive Preise. Genie\u00dfen Sie Ihre Fantasien mit DutchDoll\u00ae Alexis!<\/p>\n","protected":false},"featured_media":12780,"comment_status":"open","ping_status":"closed","template":"","meta":[],"product_brand":[1403],"product_cat":[17,16],"product_tag":[],"class_list":{"0":"post-12764","1":"product","2":"type-product","3":"status-publish","4":"has-post-thumbnail","6":"product_brand-dutchdoll","7":"product_cat-dutchdoll","8":"product_cat-sexpuppen","9":"pa_brand-dutchdoll","11":"first","12":"instock","13":"taxable","14":"shipping-taxable","15":"purchasable","16":"product-type-simple"},"_links":{"self":[{"href":"https:\/\/doll.shop\/de\/wp-json\/wp\/v2\/product\/12764","targetHints":{"allow":["GET"]}}],"collection":[{"href":"https:\/\/doll.shop\/de\/wp-json\/wp\/v2\/product"}],"about":[{"href":"https:\/\/doll.shop\/de\/wp-json\/wp\/v2\/types\/product"}],"replies":[{"embeddable":true,"href":"https:\/\/doll.shop\/de\/wp-json\/wp\/v2\/comments?post=12764"}],"wp:featuredmedia":[{"embeddable":true,"href":"https:\/\/doll.shop\/de\/wp-json\/wp\/v2\/media\/12780"}],"wp:attachment":[{"href":"https:\/\/doll.shop\/de\/wp-json\/wp\/v2\/media?parent=12764"}],"wp:term":[{"taxonomy":"product_brand","embeddable":true,"href":"https:\/\/doll.shop\/de\/wp-json\/wp\/v2\/product_brand?post=12764"},{"taxonomy":"product_cat","embeddable":true,"href":"https:\/\/doll.shop\/de\/wp-json\/wp\/v2\/product_cat?post=12764"},{"taxonomy":"product_tag","embeddable":true,"href":"https:\/\/doll.shop\/de\/wp-json\/wp\/v2\/product_tag?post=12764"}],"curies":[{"name":"wp","href":"https:\/\/api.w.org\/{rel}","templated":true}]}}