{"id":12741,"date":"2023-08-01T10:53:12","date_gmt":"2023-08-01T08:53:12","guid":{"rendered":"https:\/\/doll.shop\/?post_type=product&#038;p=12741"},"modified":"2026-04-17T19:17:58","modified_gmt":"2026-04-17T17:17:58","slug":"dutchdoll-mia-159-cm","status":"publish","type":"product","link":"https:\/\/doll.shop\/de\/produkt\/dutchdoll-mia-159-cm\/","title":{"rendered":"DutchDoll Mia | 159 cm"},"content":{"rendered":"","protected":false},"excerpt":{"rendered":"<p>DutchDoll\u00ae Mia ist eine 159 cm gro\u00dfe skandinavische Sch\u00f6nheit mit einer \u00fcppigen Sanduhrfigur und bezauberndem hellblondem Haar. Ihre gro\u00dfen Br\u00fcste (K\u00f6rbchengr\u00f6\u00dfe E) und realistischen Gesichtsz\u00fcge machen sie unwiderstehlich. Das hochwertige TPE (V3.0), welches zur Herstellung dieser Sexpuppe verwendet wurde, sorgt f\u00fcr maximalen Komfort und Realismus, w\u00e4hrend das geringe Gewicht von 29 kg sie extrem beweglich macht. Mit dem EVO+ Skelett und dem Fingerskelett k\u00f6nnen Sie sie ganz einfach in jede beliebige Position bringen und sie sogar leichte Gegenst\u00e4nde halten lassen. Egal, ob Sie einsam sind, Ihr Sexleben aufpeppen wollen oder Ihre Fantasien ausleben m\u00f6chten, Mia ist immer f\u00fcr Sie da. Bestellen Sie jetzt und erleben Sie Ihre wildesten Fantasien mit DutchDoll\u00ae!<\/p>\n","protected":false},"featured_media":12761,"comment_status":"open","ping_status":"closed","template":"","meta":[],"product_brand":[1403],"product_cat":[17,16],"product_tag":[],"class_list":{"0":"post-12741","1":"product","2":"type-product","3":"status-publish","4":"has-post-thumbnail","6":"product_brand-dutchdoll","7":"product_cat-dutchdoll","8":"product_cat-sexpuppen","9":"pa_brand-dutchdoll","11":"first","12":"instock","13":"taxable","14":"shipping-taxable","15":"purchasable","16":"product-type-simple"},"_links":{"self":[{"href":"https:\/\/doll.shop\/de\/wp-json\/wp\/v2\/product\/12741","targetHints":{"allow":["GET"]}}],"collection":[{"href":"https:\/\/doll.shop\/de\/wp-json\/wp\/v2\/product"}],"about":[{"href":"https:\/\/doll.shop\/de\/wp-json\/wp\/v2\/types\/product"}],"replies":[{"embeddable":true,"href":"https:\/\/doll.shop\/de\/wp-json\/wp\/v2\/comments?post=12741"}],"wp:featuredmedia":[{"embeddable":true,"href":"https:\/\/doll.shop\/de\/wp-json\/wp\/v2\/media\/12761"}],"wp:attachment":[{"href":"https:\/\/doll.shop\/de\/wp-json\/wp\/v2\/media?parent=12741"}],"wp:term":[{"taxonomy":"product_brand","embeddable":true,"href":"https:\/\/doll.shop\/de\/wp-json\/wp\/v2\/product_brand?post=12741"},{"taxonomy":"product_cat","embeddable":true,"href":"https:\/\/doll.shop\/de\/wp-json\/wp\/v2\/product_cat?post=12741"},{"taxonomy":"product_tag","embeddable":true,"href":"https:\/\/doll.shop\/de\/wp-json\/wp\/v2\/product_tag?post=12741"}],"curies":[{"name":"wp","href":"https:\/\/api.w.org\/{rel}","templated":true}]}}