{"id":12712,"date":"2023-08-01T10:48:06","date_gmt":"2023-08-01T08:48:06","guid":{"rendered":"https:\/\/doll.shop\/?post_type=product&#038;p=12712"},"modified":"2026-04-06T21:35:52","modified_gmt":"2026-04-06T19:35:52","slug":"dutchdoll-kate-159-cm","status":"publish","type":"product","link":"https:\/\/doll.shop\/de\/produkt\/dutchdoll-kate-159-cm\/","title":{"rendered":"DutchDoll Kate | 159 cm"},"content":{"rendered":"","protected":false},"excerpt":{"rendered":"<p>Kate sieht aus wie eine wahre klassische Sch\u00f6nheit. Robust und selbstbewusst, ist sie eine elegante 159cm Br\u00fcnette mit einer atemberaubenden Sanduhrfigur und gro\u00dfen, lebensechten Br\u00fcsten. Kates symmetrisches Gesicht, vollen Lippen und sinnlichen Augen machen sie unwiderstehlich.<\/p>\n<p>Genie\u00dfen Sie ein lebensechtes Erlebnis dank des hochwertigen TPE-Materials (V3.0) und der weichen, mit Gel gef\u00fcllten Br\u00fcste f\u00fcr optimalen Komfort. Mit dem EVO+ Skelett und dem Fingerskelett bewegt sich Kate m\u00fchelos in jeder Position, selbst das Halten leichter Gegenst\u00e4nde ist m\u00f6glich.<\/p>\n<p>DutchDoll\u00ae ist bekannt f\u00fcr Qualit\u00e4t und Benutzerfreundlichkeit und bietet mit Kate eine einzigartige, attraktive Sexpuppe, die alle Ihre Bed\u00fcrfnisse erf\u00fcllt. Als niederl\u00e4ndische Marke widmet sich DutchDoll\u00ae seit 2017 der Herstellung hochwertiger Sexpuppen f\u00fcr jedes Budget. Lernen Sie Kate kennen und erleben Sie das ultimative Vergn\u00fcgen mit DutchDoll\u00ae.<\/p>\n","protected":false},"featured_media":12722,"comment_status":"open","ping_status":"closed","template":"","meta":[],"product_brand":[1403],"product_cat":[17,16],"product_tag":[],"class_list":{"0":"post-12712","1":"product","2":"type-product","3":"status-publish","4":"has-post-thumbnail","6":"product_brand-dutchdoll","7":"product_cat-dutchdoll","8":"product_cat-sexpuppen","9":"pa_brand-dutchdoll","11":"first","12":"instock","13":"taxable","14":"shipping-taxable","15":"purchasable","16":"product-type-simple"},"_links":{"self":[{"href":"https:\/\/doll.shop\/de\/wp-json\/wp\/v2\/product\/12712","targetHints":{"allow":["GET"]}}],"collection":[{"href":"https:\/\/doll.shop\/de\/wp-json\/wp\/v2\/product"}],"about":[{"href":"https:\/\/doll.shop\/de\/wp-json\/wp\/v2\/types\/product"}],"replies":[{"embeddable":true,"href":"https:\/\/doll.shop\/de\/wp-json\/wp\/v2\/comments?post=12712"}],"wp:featuredmedia":[{"embeddable":true,"href":"https:\/\/doll.shop\/de\/wp-json\/wp\/v2\/media\/12722"}],"wp:attachment":[{"href":"https:\/\/doll.shop\/de\/wp-json\/wp\/v2\/media?parent=12712"}],"wp:term":[{"taxonomy":"product_brand","embeddable":true,"href":"https:\/\/doll.shop\/de\/wp-json\/wp\/v2\/product_brand?post=12712"},{"taxonomy":"product_cat","embeddable":true,"href":"https:\/\/doll.shop\/de\/wp-json\/wp\/v2\/product_cat?post=12712"},{"taxonomy":"product_tag","embeddable":true,"href":"https:\/\/doll.shop\/de\/wp-json\/wp\/v2\/product_tag?post=12712"}],"curies":[{"name":"wp","href":"https:\/\/api.w.org\/{rel}","templated":true}]}}