{"id":12603,"date":"2023-08-01T10:22:35","date_gmt":"2023-08-01T08:22:35","guid":{"rendered":"https:\/\/doll.shop\/?post_type=product&#038;p=12603"},"modified":"2026-04-22T14:42:22","modified_gmt":"2026-04-22T12:42:22","slug":"dutchdoll-freya-157-cm","status":"publish","type":"product","link":"https:\/\/doll.shop\/de\/produkt\/dutchdoll-freya-157-cm\/","title":{"rendered":"DutchDoll Freya | 157 cm"},"content":{"rendered":"","protected":false},"excerpt":{"rendered":"<p>DutchDoll Freya ist eine verf\u00fchrerische 157cm Blondine mit gro\u00dfen Br\u00fcsten. Das hochwertige TPE (V.3.0), das EVO+ Skelett und die Gelbr\u00fcste sorgen f\u00fcr ein lebensechtes Erlebnis.<\/p>\n<p>Mit einem Gewicht von nur 29 kg l\u00e4sst sich Freya m\u00fchelos bewegen und in verschiedene Positionen bringen.<\/p>\n<p>Ihr dunkelblondes Haar, ihre blauen Augen, ihre Sanduhrfigur und K\u00f6rbchengr\u00f6\u00dfe E lassen sie sehr sexy aussehen. Entscheiden Sie sich f\u00fcr die perfekte Kombination aus Raffinesse und femininen Kurven mit dem Modell 157E. Eine realistische und sinnliche Wahl.<\/p>\n","protected":false},"featured_media":12610,"comment_status":"open","ping_status":"closed","template":"","meta":[],"product_brand":[1403],"product_cat":[17,16],"product_tag":[],"class_list":{"0":"post-12603","1":"product","2":"type-product","3":"status-publish","4":"has-post-thumbnail","6":"product_brand-dutchdoll","7":"product_cat-dutchdoll","8":"product_cat-sexpuppen","9":"pa_brand-dutchdoll","11":"first","12":"outofstock","13":"taxable","14":"shipping-taxable","15":"purchasable","16":"product-type-simple"},"_links":{"self":[{"href":"https:\/\/doll.shop\/de\/wp-json\/wp\/v2\/product\/12603","targetHints":{"allow":["GET"]}}],"collection":[{"href":"https:\/\/doll.shop\/de\/wp-json\/wp\/v2\/product"}],"about":[{"href":"https:\/\/doll.shop\/de\/wp-json\/wp\/v2\/types\/product"}],"replies":[{"embeddable":true,"href":"https:\/\/doll.shop\/de\/wp-json\/wp\/v2\/comments?post=12603"}],"wp:featuredmedia":[{"embeddable":true,"href":"https:\/\/doll.shop\/de\/wp-json\/wp\/v2\/media\/12610"}],"wp:attachment":[{"href":"https:\/\/doll.shop\/de\/wp-json\/wp\/v2\/media?parent=12603"}],"wp:term":[{"taxonomy":"product_brand","embeddable":true,"href":"https:\/\/doll.shop\/de\/wp-json\/wp\/v2\/product_brand?post=12603"},{"taxonomy":"product_cat","embeddable":true,"href":"https:\/\/doll.shop\/de\/wp-json\/wp\/v2\/product_cat?post=12603"},{"taxonomy":"product_tag","embeddable":true,"href":"https:\/\/doll.shop\/de\/wp-json\/wp\/v2\/product_tag?post=12603"}],"curies":[{"name":"wp","href":"https:\/\/api.w.org\/{rel}","templated":true}]}}