{"id":12507,"date":"2023-08-01T09:51:22","date_gmt":"2023-08-01T07:51:22","guid":{"rendered":"https:\/\/doll.shop\/?post_type=product&#038;p=12507"},"modified":"2026-04-13T10:42:49","modified_gmt":"2026-04-13T08:42:49","slug":"dutchdoll-natasha-167-cm","status":"publish","type":"product","link":"https:\/\/doll.shop\/de\/produkt\/dutchdoll-natasha-167-cm\/","title":{"rendered":"DutchDoll Natasha | 167 cm"},"content":{"rendered":"","protected":false},"excerpt":{"rendered":"<p>DutchDoll Natasha sieht aus wie eine hochblonde schwedische Sch\u00f6nheit mit strahlend blauen Augen. Diese 167 cm gro\u00dfe, lebensgro\u00dfe Sexpuppe hat wundersch\u00f6ne Kurven und eine verf\u00fchrerische Sanduhr-Silhouette. Ihr neu gestaltetes Premium-TPE bietet Ihnen ein au\u00dfergew\u00f6hnlich lebensechtes Erlebnis. Dank des einfach zu bedienenden EVO+ Skelett k\u00f6nnen Sie sie m\u00fchelos in jede Position bringen. Zus\u00e4tzliche Gel-Br\u00fcste, ein Fingerskelett und eine Zunge vervollst\u00e4ndigen sie.<\/p>\n","protected":false},"featured_media":942405,"comment_status":"open","ping_status":"closed","template":"","meta":[],"product_brand":[1403],"product_cat":[17,16],"product_tag":[],"class_list":{"0":"post-12507","1":"product","2":"type-product","3":"status-publish","4":"has-post-thumbnail","6":"product_brand-dutchdoll","7":"product_cat-dutchdoll","8":"product_cat-sexpuppen","9":"pa_brand-dutchdoll","11":"first","12":"instock","13":"taxable","14":"shipping-taxable","15":"purchasable","16":"product-type-simple"},"_links":{"self":[{"href":"https:\/\/doll.shop\/de\/wp-json\/wp\/v2\/product\/12507","targetHints":{"allow":["GET"]}}],"collection":[{"href":"https:\/\/doll.shop\/de\/wp-json\/wp\/v2\/product"}],"about":[{"href":"https:\/\/doll.shop\/de\/wp-json\/wp\/v2\/types\/product"}],"replies":[{"embeddable":true,"href":"https:\/\/doll.shop\/de\/wp-json\/wp\/v2\/comments?post=12507"}],"wp:featuredmedia":[{"embeddable":true,"href":"https:\/\/doll.shop\/de\/wp-json\/wp\/v2\/media\/942405"}],"wp:attachment":[{"href":"https:\/\/doll.shop\/de\/wp-json\/wp\/v2\/media?parent=12507"}],"wp:term":[{"taxonomy":"product_brand","embeddable":true,"href":"https:\/\/doll.shop\/de\/wp-json\/wp\/v2\/product_brand?post=12507"},{"taxonomy":"product_cat","embeddable":true,"href":"https:\/\/doll.shop\/de\/wp-json\/wp\/v2\/product_cat?post=12507"},{"taxonomy":"product_tag","embeddable":true,"href":"https:\/\/doll.shop\/de\/wp-json\/wp\/v2\/product_tag?post=12507"}],"curies":[{"name":"wp","href":"https:\/\/api.w.org\/{rel}","templated":true}]}}