{"id":12484,"date":"2023-08-01T09:45:38","date_gmt":"2023-08-01T07:45:38","guid":{"rendered":"https:\/\/doll.shop\/?post_type=product&#038;p=12484"},"modified":"2026-04-10T11:04:27","modified_gmt":"2026-04-10T09:04:27","slug":"dutchdoll-anna-167-cm","status":"publish","type":"product","link":"https:\/\/doll.shop\/de\/produkt\/dutchdoll-anna-167-cm\/","title":{"rendered":"DutchDoll Anna | 167 cm"},"content":{"rendered":"","protected":false},"excerpt":{"rendered":"<p>DutchDoll\u00ae Anna ist die ultimative 167 cm gro\u00dfe blonde Sexpuppe mit wundersch\u00f6nen Kurven und einer perfekten Sanduhrfigur. Ihr mittellanges, lockiges Haar, ihre strahlend blauen Augen und ihre seidigen, vollen Lippen werden Sie in ihren Bann ziehen. Anna verf\u00fcgt \u00fcber Luxusoptionen wie ein EVO+ Skelett, ein Fingerskelett, eine Standfunktion und Gel-Br\u00fcste. Ihr erstklassiges Skelett und die hochwertigen Materialien sorgen f\u00fcr ein lebensechtes Erlebnis. Ihre realistische Vagina, ihr Anus und ihr Mund mit Zunge sorgen f\u00fcr zus\u00e4tzliches Vergn\u00fcgen. Entdecken Sie die Benutzerfreundlichkeit des EVO+-Skeletts f\u00fcr eine einfache Positionierung. DutchDoll\u00ae Anna ist die ultimative Wahl f\u00fcr ein unvergessliches, realistisches und vergn\u00fcgliches Erlebnis.<\/p>\n","protected":false},"featured_media":12496,"comment_status":"open","ping_status":"closed","template":"","meta":[],"product_brand":[1403],"product_cat":[17,16],"product_tag":[],"class_list":{"0":"post-12484","1":"product","2":"type-product","3":"status-publish","4":"has-post-thumbnail","6":"product_brand-dutchdoll","7":"product_cat-dutchdoll","8":"product_cat-sexpuppen","9":"pa_brand-dutchdoll","11":"first","12":"outofstock","13":"sale","14":"taxable","15":"shipping-taxable","16":"purchasable","17":"product-type-simple"},"_links":{"self":[{"href":"https:\/\/doll.shop\/de\/wp-json\/wp\/v2\/product\/12484","targetHints":{"allow":["GET"]}}],"collection":[{"href":"https:\/\/doll.shop\/de\/wp-json\/wp\/v2\/product"}],"about":[{"href":"https:\/\/doll.shop\/de\/wp-json\/wp\/v2\/types\/product"}],"replies":[{"embeddable":true,"href":"https:\/\/doll.shop\/de\/wp-json\/wp\/v2\/comments?post=12484"}],"wp:featuredmedia":[{"embeddable":true,"href":"https:\/\/doll.shop\/de\/wp-json\/wp\/v2\/media\/12496"}],"wp:attachment":[{"href":"https:\/\/doll.shop\/de\/wp-json\/wp\/v2\/media?parent=12484"}],"wp:term":[{"taxonomy":"product_brand","embeddable":true,"href":"https:\/\/doll.shop\/de\/wp-json\/wp\/v2\/product_brand?post=12484"},{"taxonomy":"product_cat","embeddable":true,"href":"https:\/\/doll.shop\/de\/wp-json\/wp\/v2\/product_cat?post=12484"},{"taxonomy":"product_tag","embeddable":true,"href":"https:\/\/doll.shop\/de\/wp-json\/wp\/v2\/product_tag?post=12484"}],"curies":[{"name":"wp","href":"https:\/\/api.w.org\/{rel}","templated":true}]}}