{"id":10914,"date":"2023-02-09T11:29:31","date_gmt":"2023-02-09T10:29:31","guid":{"rendered":"https:\/\/doll.shop\/?post_type=product&#038;p=10914"},"modified":"2026-01-16T17:56:43","modified_gmt":"2026-01-16T16:56:43","slug":"wm-doll-159-cm-thea","status":"publish","type":"product","link":"https:\/\/doll.shop\/de\/produkt\/wm-doll-159-cm-thea\/","title":{"rendered":"WM Doll Thea | 159 cm"},"content":{"rendered":"","protected":false},"excerpt":{"rendered":"<p>WM Doll Thea sieht aus wie eine Blondine, die aus einem Modekatalog stammt und zum Leben erweckt wurde. Mit einer Gr\u00f6\u00dfe von 159cm ist diese Liebespuppe relativ klein und damit die perfekte Wahl f\u00fcr alle M\u00e4nner, die kleinere Frauen anziehend finden. Thea sieht ein bisschen aus wie Cinderella und hat nicht nur ein bildh\u00fcbsches Gesicht, sondern auch eine enorm attraktive, sportliche Figur. Wenn Sie auf der Suche nach einer Dame mit grenzenloser Energie sind k\u00f6nnte WM Doll Thea die perfekte Frau f\u00fcr Sie sein. Thea hat einen perfekten Knackarsch und wundervolle, runde Br\u00fcste, die jeden Mann zum Schwitzen bringen.<\/p>\n","protected":false},"featured_media":10918,"comment_status":"open","ping_status":"closed","template":"","meta":[],"product_brand":[1405],"product_cat":[74,16],"product_tag":[],"class_list":{"0":"post-10914","1":"product","2":"type-product","3":"status-publish","4":"has-post-thumbnail","6":"product_brand-wm-doll","7":"product_cat-wm-doll","8":"product_cat-sexpuppen","9":"pa_brand-wm-doll","11":"first","12":"onbackorder","13":"taxable","14":"shipping-taxable","15":"purchasable","16":"product-type-simple"},"_links":{"self":[{"href":"https:\/\/doll.shop\/de\/wp-json\/wp\/v2\/product\/10914","targetHints":{"allow":["GET"]}}],"collection":[{"href":"https:\/\/doll.shop\/de\/wp-json\/wp\/v2\/product"}],"about":[{"href":"https:\/\/doll.shop\/de\/wp-json\/wp\/v2\/types\/product"}],"replies":[{"embeddable":true,"href":"https:\/\/doll.shop\/de\/wp-json\/wp\/v2\/comments?post=10914"}],"wp:featuredmedia":[{"embeddable":true,"href":"https:\/\/doll.shop\/de\/wp-json\/wp\/v2\/media\/10918"}],"wp:attachment":[{"href":"https:\/\/doll.shop\/de\/wp-json\/wp\/v2\/media?parent=10914"}],"wp:term":[{"taxonomy":"product_brand","embeddable":true,"href":"https:\/\/doll.shop\/de\/wp-json\/wp\/v2\/product_brand?post=10914"},{"taxonomy":"product_cat","embeddable":true,"href":"https:\/\/doll.shop\/de\/wp-json\/wp\/v2\/product_cat?post=10914"},{"taxonomy":"product_tag","embeddable":true,"href":"https:\/\/doll.shop\/de\/wp-json\/wp\/v2\/product_tag?post=10914"}],"curies":[{"name":"wp","href":"https:\/\/api.w.org\/{rel}","templated":true}]}}