{"id":10851,"date":"2023-02-09T11:19:43","date_gmt":"2023-02-09T10:19:43","guid":{"rendered":"https:\/\/doll.shop\/?post_type=product&#038;p=10851"},"modified":"2026-01-16T17:57:19","modified_gmt":"2026-01-16T16:57:19","slug":"ak-doll-165cm-maja","status":"publish","type":"product","link":"https:\/\/doll.shop\/de\/produkt\/ak-doll-165cm-maja\/","title":{"rendered":"AK Doll Maja | 165cm"},"content":{"rendered":"","protected":false},"excerpt":{"rendered":"<p>Maja ist eine Premium-Sexpuppe der Marke AK Doll, die wesentlich braver aussieht als sie in Echt ist. Wenn Sie Lust auf ein unvergessliches Abenteur mit einer wundersch\u00f6nen Br\u00fcnette haben sollten Sie sich diese Liebespuppe unbedingt noch einmal genauer ansehen. Maja ist 165cm gro\u00df und kann damit die perfekte Partnerin f\u00fcr Sie sein, und das v\u00f6llig unabh\u00e4ngig von Ihrer Gr\u00f6\u00dfe, Ihrem Alter oder Ihrer St\u00e4rke. Maja hat ein bezauberndes, bildh\u00fcbsches Gesicht mit wunderbaren, vollen Lippen, die einem nur so zum K\u00fcssen einladen. Neben einem h\u00fcbschen Gesicht hat AK Doll Maja auch noch den K\u00f6rper eines Supermodels mit sch\u00f6nen prallen Br\u00fcsten. Wenn Sie sich f\u00fcr diese Sexpuppe, die komplett aus Silikon besteht, entscheiden, wird Ihr Sexleben garantiert auf ein ganz anderes Level gebracht werden.<\/p>\n","protected":false},"featured_media":10852,"comment_status":"open","ping_status":"closed","template":"","meta":[],"product_brand":[1402],"product_cat":[200,16],"product_tag":[],"class_list":{"0":"post-10851","1":"product","2":"type-product","3":"status-publish","4":"has-post-thumbnail","6":"product_brand-ak-doll","7":"product_cat-angel-kiss-dolls-ak-dolls","8":"product_cat-sexpuppen","9":"pa_brand-ak-doll","11":"first","12":"onbackorder","13":"taxable","14":"shipping-taxable","15":"purchasable","16":"product-type-simple"},"_links":{"self":[{"href":"https:\/\/doll.shop\/de\/wp-json\/wp\/v2\/product\/10851","targetHints":{"allow":["GET"]}}],"collection":[{"href":"https:\/\/doll.shop\/de\/wp-json\/wp\/v2\/product"}],"about":[{"href":"https:\/\/doll.shop\/de\/wp-json\/wp\/v2\/types\/product"}],"replies":[{"embeddable":true,"href":"https:\/\/doll.shop\/de\/wp-json\/wp\/v2\/comments?post=10851"}],"wp:featuredmedia":[{"embeddable":true,"href":"https:\/\/doll.shop\/de\/wp-json\/wp\/v2\/media\/10852"}],"wp:attachment":[{"href":"https:\/\/doll.shop\/de\/wp-json\/wp\/v2\/media?parent=10851"}],"wp:term":[{"taxonomy":"product_brand","embeddable":true,"href":"https:\/\/doll.shop\/de\/wp-json\/wp\/v2\/product_brand?post=10851"},{"taxonomy":"product_cat","embeddable":true,"href":"https:\/\/doll.shop\/de\/wp-json\/wp\/v2\/product_cat?post=10851"},{"taxonomy":"product_tag","embeddable":true,"href":"https:\/\/doll.shop\/de\/wp-json\/wp\/v2\/product_tag?post=10851"}],"curies":[{"name":"wp","href":"https:\/\/api.w.org\/{rel}","templated":true}]}}