{"id":10823,"date":"2023-02-09T10:59:19","date_gmt":"2023-02-09T09:59:19","guid":{"rendered":"https:\/\/doll.shop\/?post_type=product&#038;p=10823"},"modified":"2026-03-10T22:20:20","modified_gmt":"2026-03-10T21:20:20","slug":"ak-doll-175-cm-alessia","status":"publish","type":"product","link":"https:\/\/doll.shop\/de\/produkt\/ak-doll-175-cm-alessia\/","title":{"rendered":"AK Doll Alessia | 175 cm"},"content":{"rendered":"","protected":false},"excerpt":{"rendered":"<p>Diese bildh\u00fcbsche Blondine der Marke AK Doll f\u00e4llt auf mit ihrer unglaublich sportlichen Figur. Alessia hat ein bezauberndes Lachen, das jeden Mann verr\u00fcckt macht. Mit einer Gr\u00f6\u00dfe von 175cm ist diese Sexpuppe ziemlich gro\u00df. Daher ist AK Doll Alessia das perfekte Match f\u00fcr alle M\u00e4nner, die auf gr\u00f6\u00dfere Frauen stehen. Alessia hat wundervolle Br\u00fcste und einen gut durchtrainierten Hintern. Lange, schlanke Beine und ein extrem flacher Bauch unterstreichen die Sportlichkeit dieser Liebespuppe nochmals. Alessia besteht komplett aus Silikon und ist dadurch nicht nur extrem hochwertig, sondern auch unglaublich realistisch.<\/p>\n","protected":false},"featured_media":10849,"comment_status":"open","ping_status":"closed","template":"","meta":[],"product_brand":[1402],"product_cat":[200,16],"product_tag":[],"class_list":{"0":"post-10823","1":"product","2":"type-product","3":"status-publish","4":"has-post-thumbnail","6":"product_brand-ak-doll","7":"product_cat-angel-kiss-dolls-ak-dolls","8":"product_cat-sexpuppen","9":"pa_brand-ak-doll","11":"first","12":"onbackorder","13":"taxable","14":"shipping-taxable","15":"purchasable","16":"product-type-simple"},"_links":{"self":[{"href":"https:\/\/doll.shop\/de\/wp-json\/wp\/v2\/product\/10823","targetHints":{"allow":["GET"]}}],"collection":[{"href":"https:\/\/doll.shop\/de\/wp-json\/wp\/v2\/product"}],"about":[{"href":"https:\/\/doll.shop\/de\/wp-json\/wp\/v2\/types\/product"}],"replies":[{"embeddable":true,"href":"https:\/\/doll.shop\/de\/wp-json\/wp\/v2\/comments?post=10823"}],"wp:featuredmedia":[{"embeddable":true,"href":"https:\/\/doll.shop\/de\/wp-json\/wp\/v2\/media\/10849"}],"wp:attachment":[{"href":"https:\/\/doll.shop\/de\/wp-json\/wp\/v2\/media?parent=10823"}],"wp:term":[{"taxonomy":"product_brand","embeddable":true,"href":"https:\/\/doll.shop\/de\/wp-json\/wp\/v2\/product_brand?post=10823"},{"taxonomy":"product_cat","embeddable":true,"href":"https:\/\/doll.shop\/de\/wp-json\/wp\/v2\/product_cat?post=10823"},{"taxonomy":"product_tag","embeddable":true,"href":"https:\/\/doll.shop\/de\/wp-json\/wp\/v2\/product_tag?post=10823"}],"curies":[{"name":"wp","href":"https:\/\/api.w.org\/{rel}","templated":true}]}}