{"id":1053,"date":"2022-04-15T08:34:52","date_gmt":"2022-04-15T06:34:52","guid":{"rendered":"https:\/\/doll.shop\/?post_type=product&#038;p=1053"},"modified":"2026-03-11T06:27:29","modified_gmt":"2026-03-11T05:27:29","slug":"maeko-157-cm","status":"publish","type":"product","link":"https:\/\/doll.shop\/de\/produkt\/maeko-157-cm\/","title":{"rendered":"Sexpuppe Maeko | 157 cm"},"content":{"rendered":"","protected":false},"excerpt":{"rendered":"<p>RF Doll Maeko ist wirklich einmalig. Diese Blondine sticht mit ihrem \u00e4u\u00dferst realistischem und wundersch\u00f6nen Gesicht heraus. Weiter noch hat Maeko einen sehrt begehrenswerten K\u00f6rper. Wenn Sie ein Liebhaber von asiatischen Frauen sind sollten Sie sich diese Sch\u00f6nheit wirklich genauer ansehen! Maeko hat eine realistische Gr\u00f6\u00dfe von 157cm und wiegt 32 Kilogramm.<\/p>\n","protected":false},"featured_media":1081,"comment_status":"open","ping_status":"closed","template":"","meta":[],"product_brand":[],"product_cat":[16,255],"product_tag":[],"class_list":{"0":"post-1053","1":"product","2":"type-product","3":"status-publish","4":"has-post-thumbnail","6":"product_cat-sexpuppen","7":"product_cat-rf-doll","8":"pa_brand-rf-doll","10":"first","11":"outofstock","12":"taxable","13":"shipping-taxable","14":"purchasable","15":"product-type-simple"},"_links":{"self":[{"href":"https:\/\/doll.shop\/de\/wp-json\/wp\/v2\/product\/1053","targetHints":{"allow":["GET"]}}],"collection":[{"href":"https:\/\/doll.shop\/de\/wp-json\/wp\/v2\/product"}],"about":[{"href":"https:\/\/doll.shop\/de\/wp-json\/wp\/v2\/types\/product"}],"replies":[{"embeddable":true,"href":"https:\/\/doll.shop\/de\/wp-json\/wp\/v2\/comments?post=1053"}],"wp:featuredmedia":[{"embeddable":true,"href":"https:\/\/doll.shop\/de\/wp-json\/wp\/v2\/media\/1081"}],"wp:attachment":[{"href":"https:\/\/doll.shop\/de\/wp-json\/wp\/v2\/media?parent=1053"}],"wp:term":[{"taxonomy":"product_brand","embeddable":true,"href":"https:\/\/doll.shop\/de\/wp-json\/wp\/v2\/product_brand?post=1053"},{"taxonomy":"product_cat","embeddable":true,"href":"https:\/\/doll.shop\/de\/wp-json\/wp\/v2\/product_cat?post=1053"},{"taxonomy":"product_tag","embeddable":true,"href":"https:\/\/doll.shop\/de\/wp-json\/wp\/v2\/product_tag?post=1053"}],"curies":[{"name":"wp","href":"https:\/\/api.w.org\/{rel}","templated":true}]}}