{"id":951652,"date":"2026-01-20T15:29:33","date_gmt":"2026-01-20T14:29:33","guid":{"rendered":"https:\/\/doll.shop\/ueber-uns\/"},"modified":"2026-01-20T16:14:02","modified_gmt":"2026-01-20T15:14:02","slug":"ueber-uns","status":"publish","type":"page","link":"https:\/\/doll.shop\/de\/ueber-uns\/","title":{"rendered":"\u00dcber uns"},"content":{"rendered":"\n<style>\n    \/* --- CSS-VARIABLEN --- *\/\n    :root {\n        --ds-primary: #be123c;\n        --ds-primary-bg: #fff1f2;\n        --ds-text-dark: #1f2937;\n        --ds-text-light: #6b7280;\n        --ds-border: #e5e7eb;\n        --ds-bg-body: #f9fafb;\n        --ds-radius: 8px;\n    }\n\n    \/* --- BASISLAYOUT --- *\/\n    .ds-av-wrapper {\n        font-family: -apple-system, BlinkMacSystemFont, \"Segoe UI\", Roboto, Helvetica, Arial, sans-serif;\n        color: var(--ds-text-dark);\n        line-height: 1.6;\n        max-width: 1200px;\n        margin: 0 auto;\n        padding: 0px;\n    }\n\n    \/* --- HAUPTINHALT --- *\/\n    .ds-content {\n        background: #fff;\n        padding: 40px;\n        border: 1px solid var(--ds-border);\n        border-radius: var(--ds-radius);\n    }\n\n    .ds-content h2 { \n        margin-top: 0; \n        margin-bottom: 40px; \n        font-size: 28px; \n        color: var(--ds-text-dark);\n        text-align: center;\n    }\n    \n    .ds-article { \n        margin-bottom: 80px;\n    }\n\n    .ds-article:last-child {\n        margin-bottom: 0;\n    }\n    \n    \/* --- REIHENLAYOUT --- *\/\n    .ds-row {\n        display: flex;\n        align-items: center;\n        gap: 60px;\n    }\n\n    .ds-row.reverse {\n        flex-direction: row-reverse;\n    }\n\n    .ds-col-text { flex: 1; }\n    .ds-col-img { flex: 1; }\n\n    .ds-article h3 { \n        font-size: 22px; \n        font-weight: 700; \n        margin-bottom: 20px; \n        display: flex; \n        align-items: center; \n        margin-top: 0;\n        color: var(--ds-text-dark);\n    }\n    \n    .ds-article h3::before { \n        content: ''; \n        display: inline-block; \n        width: 4px; \n        height: 22px; \n        background-color: var(--ds-primary); \n        margin-right: 12px; \n        border-radius: 2px; \n    }\n    \n    .ds-content p { \n        font-size: 16px; \n        color: #374151; \n        margin-bottom: 16px; \n        line-height: 1.7;\n    }\n    \n    .ds-content img {\n        width: 100%;\n        height: auto;\n        border-radius: var(--ds-radius);\n        box-shadow: 0 4px 20px rgba(0,0,0,0.08);\n        display: block;\n        transition: transform 0.3s ease;\n    }\n\n    .ds-content img:hover {\n        transform: scale(1.01);\n    }\n    \n    \/* --- MOBILE --- *\/\n    @media (max-width: 900px) {\n        .ds-content {\n            padding: 20px;\n            border: none;\n        }\n\n        .ds-content h2 {\n            font-size: 24px;\n            margin-bottom: 30px;\n            text-align: left;\n        }\n\n        .ds-article { \n            margin-bottom: 50px; \n        }\n\n        .ds-row, .ds-row.reverse {\n            flex-direction: column; \n            gap: 20px;\n        }\n\n        .ds-col-text { order: 1; }\n        .ds-col-img { order: 2; width: 100%; }\n\n        .ds-article h3 {\n            font-size: 20px;\n        }\n    }\n<\/style>\n\n<div class=\"ds-av-wrapper\">\n    <main class=\"ds-content\">\n        <h2>\u00dcber Doll.shop<\/h2>\n\n        <div class=\"ds-article\">\n            <div class=\"ds-row\">\n                <div class=\"ds-col-text\">\n                    <h3>Der Sexpuppen-Spezialist<\/h3>\n                    <p>Doll.shop ist dein zuverl\u00e4ssiger Anbieter f\u00fcr lebensechte Sexpuppen. Wir liefern Premium-Sexpuppen von unseren Standorten in den Niederlanden zu \u00fcberraschend g\u00fcnstigen Preisen. Sexpuppen bekommst du nirgends g\u00fcnstiger als bei uns.<\/p>\n                <\/div>\n                <div class=\"ds-col-img\">\n                    <img decoding=\"async\" src=\"https:\/\/doll.shop\/wp-content\/uploads\/2022\/09\/uber_doll24.jpg\" alt=\"Doll.shop Showroom und Spezialist\" title=\"\">\n                <\/div>\n            <\/div>\n        <\/div>\n\n        <div class=\"ds-article\">\n            <h3>Unsere Geschichte<\/h3>\n            <p>2010 haben wir in den Niederlanden mit dem Verkauf lebensechter Sexpuppen begonnen. Unser Ziel: <strong>hochwertige Sexpuppen f\u00fcr alle<\/strong>. In wenigen Jahren sind wir stark gewachsen und heute der gr\u00f6\u00dfte Anbieter in den Niederlanden und Belgien. Durch Weiterempfehlungen von Puppenliebhabern kamen ab 2019 immer mehr Kunden aus Deutschland und Frankreich in unseren niederl\u00e4ndischen Showroom.<\/p>\n            <p>Auf Wunsch deutscher Kunden haben wir 2020 unsere ersten Schritte auf dem deutschen Markt gemacht. Seit 2021 besch\u00e4ftigen wir auch Mitarbeiter in Deutschland und haben dort einen eigenen Standort. Unser Ziel ist es, unsere Reichweite weiter auszubauen und uns auf weitere L\u00e4nder in Europa zu konzentrieren.<\/p>\n        <\/div>\n\n        <div class=\"ds-article\">\n            <div class=\"ds-row reverse\">\n                <div class=\"ds-col-text\">\n                    <h3>Wer kauft eigentlich Sexpuppen?<\/h3>\n                    <p>Bei Doll.shop kaufen M\u00e4nner, Frauen und Paare Sexpuppen. Manche suchen ein realistisches sexuelles Erlebnis, andere sch\u00e4tzen die Gesellschaft.<\/p>\n                    <p>Neben Privatkunden verkaufen wir auch regelm\u00e4\u00dfig Puppen an Unternehmen aus der Kreativbranche. Unsere Modelle werden h\u00e4ufig von Filmproduktionen, Museen oder Ausstellungen genutzt. Sexpuppen sind l\u00e4ngst nicht mehr nur f\u00fcr den privaten Gebrauch gedacht \u2013 sie sind vielseitig einsetzbar und k\u00f6nnen weit mehr sein als nur ein Bettpartner.<\/p>\n                <\/div>\n                <div class=\"ds-col-img\">\n                    <img decoding=\"async\" src=\"https:\/\/doll.shop\/wp-content\/uploads\/2022\/09\/Liebespuppe_Kunst.jpg\" alt=\"Sexpuppen in k\u00fcnstlerischer Umgebung\" title=\"\">\n                <\/div>\n            <\/div>\n        <\/div>\n\n        <div class=\"ds-article\">\n            <div class=\"ds-row\">\n                <div class=\"ds-col-text\">\n                    <h3>Immer der beste Preis<\/h3>\n                    <p>Damit Liebespuppen f\u00fcr jeden erschwinglich sind, setzen wir konsequent auf Effizienz und Kosteneinsparungen. Wir kaufen Sexpuppen zum Beispiel in gro\u00dfen Mengen ein. So k\u00f6nnen wir dir jederzeit den besten Preis bieten \u2013 ohne Abstriche bei Service und Top-Qualit\u00e4t.<\/p>\n                <\/div>\n                <div class=\"ds-col-img\">\n                    <img decoding=\"async\" src=\"https:\/\/doll.shop\/wp-content\/uploads\/2022\/09\/niedrigster_preis.jpg\" alt=\"Bestpreis-Garantie\" title=\"\">\n                <\/div>\n            <\/div>\n        <\/div>\n\n        <div class=\"ds-article\">\n            <div class=\"ds-row reverse\">\n                <div class=\"ds-col-text\">\n                    <h3>Qualit\u00e4t und Zuverl\u00e4ssigkeit<\/h3>\n                    <p>Eine Sexpuppe ist kein Alltagsprodukt \u2013 du m\u00f6chtest sicher sein, dass du genau das bekommst, was du erwartest. Deshalb arbeiten wir unter anderem mit der Stiftung WebwinkelKeur zusammen. Sie pr\u00fcfen regelm\u00e4\u00dfig, ob wir alle gesetzlichen Anforderungen erf\u00fcllen und ob unsere Kunden zufrieden sind.<\/p>\n                    <p>Auch unsere Lieferanten werden regelm\u00e4\u00dfig kontrolliert, um die Qualit\u00e4t der Produkte sicherzustellen.<\/p>\n                <\/div>\n                <div class=\"ds-col-img\">\n                    <img decoding=\"async\" src=\"https:\/\/doll.shop\/wp-content\/uploads\/2022\/09\/Sexpuppe_spezialist.jpg\" alt=\"Qualit\u00e4tskontrolle von Sexpuppen\" title=\"\">\n                <\/div>\n            <\/div>\n        <\/div>\n\n        <div class=\"ds-article\">\n            <div class=\"ds-row\">\n                <div class=\"ds-col-text\">\n                    <h3>Schnelle und diskrete Lieferung<\/h3>\n                    <p>Doll.shop hat jederzeit mindestens 1.000 Modelle auf Lager. Bestellst du ein Lager\u00admodell vor 14:00 Uhr, k\u00f6nnen wir deine Bestellung oft noch am selben Tag versenden. So ist deine Traumfrau schon nach wenigen Tagen bei dir.<\/p>\n                    <p>Auf unseren Verpackungen steht weder der Name unserer Website noch der des Lieferanten oder Produkts. Der gesamte Versand l\u00e4uft absolut anonym ab. Neugierige Blicke von Nachbarn oder Mitbewohnern? Keine Sorge \u2013 deine Bestellung bei Doll.shop ist ganz privat.<\/p>\n                <\/div>\n                <div class=\"ds-col-img\">\n                    <img decoding=\"async\" src=\"https:\/\/doll.shop\/wp-content\/uploads\/2022\/09\/firedoll-spezialist.jpg\" alt=\"Diskrete Lieferung\" title=\"\">\n                <\/div>\n            <\/div>\n        <\/div>\n\n    <\/main>\n<\/div>\n","protected":false},"excerpt":{"rendered":"<p>\u00dcber Doll.shop Der Sexpuppen-Spezialist Doll.shop ist dein zuverl\u00e4ssiger Anbieter f\u00fcr lebensechte Sexpuppen. Wir liefern Premium-Sexpuppen von unseren Standorten in den<\/p>\n","protected":false},"author":1,"featured_media":0,"parent":0,"menu_order":0,"comment_status":"closed","ping_status":"closed","template":"","meta":{"footnotes":""},"class_list":["post-951652","page","type-page","status-publish","hentry"],"_links":{"self":[{"href":"https:\/\/doll.shop\/de\/wp-json\/wp\/v2\/pages\/951652","targetHints":{"allow":["GET"]}}],"collection":[{"href":"https:\/\/doll.shop\/de\/wp-json\/wp\/v2\/pages"}],"about":[{"href":"https:\/\/doll.shop\/de\/wp-json\/wp\/v2\/types\/page"}],"author":[{"embeddable":true,"href":"https:\/\/doll.shop\/de\/wp-json\/wp\/v2\/users\/1"}],"replies":[{"embeddable":true,"href":"https:\/\/doll.shop\/de\/wp-json\/wp\/v2\/comments?post=951652"}],"version-history":[{"count":2,"href":"https:\/\/doll.shop\/de\/wp-json\/wp\/v2\/pages\/951652\/revisions"}],"predecessor-version":[{"id":951667,"href":"https:\/\/doll.shop\/de\/wp-json\/wp\/v2\/pages\/951652\/revisions\/951667"}],"wp:attachment":[{"href":"https:\/\/doll.shop\/de\/wp-json\/wp\/v2\/media?parent=951652"}],"curies":[{"name":"wp","href":"https:\/\/api.w.org\/{rel}","templated":true}]}}